{"id":404,"date":"2025-06-26T18:53:34","date_gmt":"2025-06-26T18:53:34","guid":{"rendered":"http:\/\/wordpress.example.com\/?page_id=404"},"modified":"2025-06-26T18:53:34","modified_gmt":"2025-06-26T18:53:34","slug":"telefonuju-v-klidu","status":"publish","type":"page","link":"https:\/\/www.cestinaprotebe.cz\/index.php\/telefonuju-v-klidu\/","title":{"rendered":"Telefonuju v klidu"},"content":{"rendered":"\n<p>Lekce zam\u011b\u0159en\u00e9 na komunikaci po telefonu<\/p>\n\n\n\n<p>Stresuje t\u011b telefonov\u00e1n\u00ed v \u010de\u0161tin\u011b? Ale pot\u0159ebuje\u0161 to, chce\u0161 b\u00fdt v klidu a domluvit se v pohod\u011b?<\/p>\n\n\n\n<p>Bal\u00ed\u010dek: 2400,- (2x Zoom lekci + 4 x WA call)<\/p>\n","protected":false},"excerpt":{"rendered":"<p>Lekce zam\u011b\u0159en\u00e9 na komunikaci po telefonu Stresuje t\u011b telefonov\u00e1n\u00ed v \u010de\u0161tin\u011b? Ale pot\u0159ebuje\u0161 to, chce\u0161 b\u00fdt v klidu a domluvit se v pohod\u011b? Bal\u00ed\u010dek: 2400,- (2x Zoom lekci + 4 x WA call)<\/p>\n","protected":false},"author":3,"featured_media":406,"parent":0,"menu_order":0,"comment_status":"closed","ping_status":"closed","template":"wp-custom-template-page","meta":{"footnotes":""},"class_list":["post-404","page","type-page","status-publish","has-post-thumbnail","hentry"],"_links":{"self":[{"href":"https:\/\/www.cestinaprotebe.cz\/index.php\/wp-json\/wp\/v2\/pages\/404","targetHints":{"allow":["GET"]}}],"collection":[{"href":"https:\/\/www.cestinaprotebe.cz\/index.php\/wp-json\/wp\/v2\/pages"}],"about":[{"href":"https:\/\/www.cestinaprotebe.cz\/index.php\/wp-json\/wp\/v2\/types\/page"}],"author":[{"embeddable":true,"href":"https:\/\/www.cestinaprotebe.cz\/index.php\/wp-json\/wp\/v2\/users\/3"}],"replies":[{"embeddable":true,"href":"https:\/\/www.cestinaprotebe.cz\/index.php\/wp-json\/wp\/v2\/comments?post=404"}],"version-history":[{"count":0,"href":"https:\/\/www.cestinaprotebe.cz\/index.php\/wp-json\/wp\/v2\/pages\/404\/revisions"}],"wp:featuredmedia":[{"embeddable":true,"href":"https:\/\/www.cestinaprotebe.cz\/index.php\/wp-json\/wp\/v2\/template-parts\/406"}],"wp:attachment":[{"href":"https:\/\/www.cestinaprotebe.cz\/index.php\/wp-json\/wp\/v2\/media?parent=404"}],"curies":[{"name":"wp","href":"https:\/\/api.w.org\/{rel}","templated":true}]}}