{"id":402,"date":"2025-06-26T18:53:05","date_gmt":"2025-06-26T18:53:05","guid":{"rendered":"http:\/\/wordpress.example.com\/?page_id=402"},"modified":"2025-06-26T18:53:05","modified_gmt":"2025-06-26T18:53:05","slug":"klasika","status":"publish","type":"page","link":"https:\/\/www.cestinaprotebe.cz\/index.php\/klasika\/","title":{"rendered":"Klasika"},"content":{"rendered":"\n<p>Studuju podle u\u010debnice a bav\u00ed m\u011b to.<\/p>\n\n\n\n<p>Jednotliv\u00e9 lekce podle vlastn\u00edho uv\u00e1\u017een\u00ed 60 min. 800,-<\/p>\n","protected":false},"excerpt":{"rendered":"<p>Studuju podle u\u010debnice a bav\u00ed m\u011b to. Jednotliv\u00e9 lekce podle vlastn\u00edho uv\u00e1\u017een\u00ed 60 min. 800,-<\/p>\n","protected":false},"author":3,"featured_media":277,"parent":0,"menu_order":0,"comment_status":"closed","ping_status":"closed","template":"wp-custom-template-page","meta":{"footnotes":""},"class_list":["post-402","page","type-page","status-publish","has-post-thumbnail","hentry"],"_links":{"self":[{"href":"https:\/\/www.cestinaprotebe.cz\/index.php\/wp-json\/wp\/v2\/pages\/402","targetHints":{"allow":["GET"]}}],"collection":[{"href":"https:\/\/www.cestinaprotebe.cz\/index.php\/wp-json\/wp\/v2\/pages"}],"about":[{"href":"https:\/\/www.cestinaprotebe.cz\/index.php\/wp-json\/wp\/v2\/types\/page"}],"author":[{"embeddable":true,"href":"https:\/\/www.cestinaprotebe.cz\/index.php\/wp-json\/wp\/v2\/users\/3"}],"replies":[{"embeddable":true,"href":"https:\/\/www.cestinaprotebe.cz\/index.php\/wp-json\/wp\/v2\/comments?post=402"}],"version-history":[{"count":0,"href":"https:\/\/www.cestinaprotebe.cz\/index.php\/wp-json\/wp\/v2\/pages\/402\/revisions"}],"wp:featuredmedia":[{"embeddable":true,"href":"https:\/\/www.cestinaprotebe.cz\/index.php\/wp-json\/"}],"wp:attachment":[{"href":"https:\/\/www.cestinaprotebe.cz\/index.php\/wp-json\/wp\/v2\/media?parent=402"}],"curies":[{"name":"wp","href":"https:\/\/api.w.org\/{rel}","templated":true}]}}