{"id":400,"date":"2025-06-26T18:52:20","date_gmt":"2025-06-26T18:52:20","guid":{"rendered":"http:\/\/wordpress.example.com\/?page_id=400"},"modified":"2025-06-26T18:52:20","modified_gmt":"2025-06-26T18:52:20","slug":"mam-cil-a-vyrazim-na-cestu","status":"publish","type":"page","link":"https:\/\/www.cestinaprotebe.cz\/index.php\/mam-cil-a-vyrazim-na-cestu\/","title":{"rendered":"M\u00e1m c\u00edl a vyr\u00e1\u017e\u00edm na cestu"},"content":{"rendered":"\n<p>Lekce \u010de\u0161tiny s prvky jazykov\u00e9ho kou\u010dinku.<\/p>\n\n\n\n<p>Bal\u00ed\u010dek 4 lekc\u00ed 3200,- ( 4x 60 min.)<\/p>\n","protected":false},"excerpt":{"rendered":"<p>Lekce \u010de\u0161tiny s prvky jazykov\u00e9ho kou\u010dinku. Bal\u00ed\u010dek 4 lekc\u00ed 3200,- ( 4x 60 min.)<\/p>\n","protected":false},"author":3,"featured_media":295,"parent":0,"menu_order":0,"comment_status":"closed","ping_status":"closed","template":"wp-custom-template-page","meta":{"footnotes":""},"class_list":["post-400","page","type-page","status-publish","has-post-thumbnail","hentry"],"_links":{"self":[{"href":"https:\/\/www.cestinaprotebe.cz\/index.php\/wp-json\/wp\/v2\/pages\/400","targetHints":{"allow":["GET"]}}],"collection":[{"href":"https:\/\/www.cestinaprotebe.cz\/index.php\/wp-json\/wp\/v2\/pages"}],"about":[{"href":"https:\/\/www.cestinaprotebe.cz\/index.php\/wp-json\/wp\/v2\/types\/page"}],"author":[{"embeddable":true,"href":"https:\/\/www.cestinaprotebe.cz\/index.php\/wp-json\/wp\/v2\/users\/3"}],"replies":[{"embeddable":true,"href":"https:\/\/www.cestinaprotebe.cz\/index.php\/wp-json\/wp\/v2\/comments?post=400"}],"version-history":[{"count":0,"href":"https:\/\/www.cestinaprotebe.cz\/index.php\/wp-json\/wp\/v2\/pages\/400\/revisions"}],"wp:featuredmedia":[{"embeddable":true,"href":"https:\/\/www.cestinaprotebe.cz\/index.php\/wp-json\/"}],"wp:attachment":[{"href":"https:\/\/www.cestinaprotebe.cz\/index.php\/wp-json\/wp\/v2\/media?parent=400"}],"curies":[{"name":"wp","href":"https:\/\/api.w.org\/{rel}","templated":true}]}}